{"id":57486,"date":"2020-09-15T09:31:55","date_gmt":"2020-09-15T06:31:55","guid":{"rendered":"https:\/\/tietopankki.crnet.fi\/?page_id=57486"},"modified":"2025-06-11T12:23:21","modified_gmt":"2025-06-11T09:23:21","slug":"crnet-oy-saavutettavuusseloste","status":"publish","type":"page","link":"https:\/\/tietopankki.crnet.fi\/en\/crnet-oy-saavutettavuusseloste\/","title":{"rendered":"Crnet Oy saavutettavuusseloste"},"content":{"rendered":"<header>\n<h1>Tervetuloa, t\u00e4m\u00e4 on organisaation Crnet Oy saavutettavuusseloste<\/h1>\n<\/header>\n<section class=\"statement__section\">T\u00e4m\u00e4 saavutettavuusseloste koskee palvelua https:\/\/tietopankki.crnet.fi\/fi\/ ja on laadittu 03\/2020 \/ p\u00e4ivitetty 31.01.25<\/section>\n<section class=\"statement__section\">Olemme arvioineet palvelun saavutettavuuden itse<\/section>\n<section class=\"statement__section\">\n<h2>Digipalvelun saavutettavuuden tila<\/h2>\n<p>T\u00e4ytt\u00e4\u00e4 kaikki saavutettavuusvaatimukset<\/p>\n<\/section>\n<section class=\"statement__section\">\n<section class=\"statement__inaccessible\">\n<h3><span style=\"font-size: 16px;\">1. Ei kuulu lains\u00e4\u00e4d\u00e4nn\u00f6n piiriin<\/span><\/h3>\n<\/section>\n<\/section>\n<section class=\"statement__section\">\n<ul>\n<li>opetuksessa rajatussa ryhm\u00e4ss\u00e4 m\u00e4\u00e4r\u00e4aikaisesti k\u00e4ytett\u00e4vi\u00e4 sis\u00e4lt\u00f6j\u00e4<\/li>\n<li>k\u00e4ytt\u00e4jien tai muiden ulkopuolisten tahojen palvelussa julkaisemia sis\u00e4lt\u00f6j\u00e4, jotka eiv\u00e4t ole palveluntarjoajan itsens\u00e4 tuottamia, rahoittamia tai valvomia<\/li>\n<li>verkkosis\u00e4lt\u00f6\u00f6n, joka on arkistoitu ennen 23.9.2019<\/li>\n<\/ul>\n<p>CRnet kest\u00e4v\u00e4n kehityksen tietopankki ei ole kaikille avoin j\u00e4rjestelm\u00e4 vaan vaatii CRnet Oy:n antaman k\u00e4ytt\u00e4j\u00e4tunnuksen.<\/p>\n<\/section>\n<section class=\"statement__section\">\n<h2>Huomasitko saavutettavuuspuutteen digipalvelussamme? Kerro se meille ja teemme parhaamme puutteen korjaamiseksi<\/h2>\n<h3>S\u00e4hk\u00f6postilla<\/h3>\n<p>tuula.pohjola@crnet.fi<\/p>\n<\/section>\n<section class=\"statement__section\">\n<h2>Valvontaviranomainen<\/h2>\n<p>Jos huomaat sivustolla saavutettavuusongelmia, anna ensin palautetta meille eli sivuston yll\u00e4pit\u00e4j\u00e4lle. Vastauksessa voi menn\u00e4 14 p\u00e4iv\u00e4\u00e4. Jos et ole tyytyv\u00e4inen saamaasi vastaukseen tai et saa vastausta lainkaan kahden viikon aikana,\u00a0<a rel=\"noopener\" href=\"https:\/\/www.saavutettavuusvaatimukset.fi\/oikeutesi\/\">voit tehd\u00e4 ilmoituksen Etel\u00e4-Suomen aluehallintovirastoon<\/a>. Etel\u00e4-Suomen aluehallintoviraston sivulla kerrotaan tarkasti, miten ilmoituksen voi tehd\u00e4 ja miten asia k\u00e4sitell\u00e4\u00e4n.<\/p>\n<h2>Valvontaviranomaisen yhteystiedot<\/h2>\n<p>Etel\u00e4-Suomen aluehallintovirasto<br \/>\nSaavutettavuuden valvonnan yksikk\u00f6<br \/>\nwww.saavutettavuusvaatimukset.fi<br \/>\nsaavutettavuus(at)avi.fi<br \/>\npuhelinnumero vaihde 0295 016 000<\/p>\n<\/section>\n<section class=\"statement__section\">\n<h2>Teemme jatkuvasti ty\u00f6t\u00e4 saavutettavuuden parantamiseksi<\/h2>\n<h3>T\u00e4m\u00e4 verkkosivusto\/sovellus on julkaistu\u00a0 31.03.2020<\/h3>\n<\/section>","protected":false},"excerpt":{"rendered":"<p>Tervetuloa, t\u00e4m\u00e4 on organisaation Crnet Oy saavutettavuusseloste T\u00e4m\u00e4 saavutettavuusseloste koskee palvelua https:\/\/tietopankki.crnet.fi\/fi\/ ja on laadittu&#8230;<\/p>","protected":false},"author":1,"featured_media":0,"parent":0,"menu_order":0,"comment_status":"closed","ping_status":"closed","template":"","meta":{"footnotes":""},"categories":[],"tags":[],"class_list":["post-57486","page","type-page","status-publish","hentry"],"jetpack_sharing_enabled":true,"_links":{"self":[{"href":"https:\/\/tietopankki.crnet.fi\/en\/wp-json\/wp\/v2\/pages\/57486","targetHints":{"allow":["GET"]}}],"collection":[{"href":"https:\/\/tietopankki.crnet.fi\/en\/wp-json\/wp\/v2\/pages"}],"about":[{"href":"https:\/\/tietopankki.crnet.fi\/en\/wp-json\/wp\/v2\/types\/page"}],"author":[{"embeddable":true,"href":"https:\/\/tietopankki.crnet.fi\/en\/wp-json\/wp\/v2\/users\/1"}],"replies":[{"embeddable":true,"href":"https:\/\/tietopankki.crnet.fi\/en\/wp-json\/wp\/v2\/comments?post=57486"}],"version-history":[{"count":6,"href":"https:\/\/tietopankki.crnet.fi\/en\/wp-json\/wp\/v2\/pages\/57486\/revisions"}],"predecessor-version":[{"id":153737,"href":"https:\/\/tietopankki.crnet.fi\/en\/wp-json\/wp\/v2\/pages\/57486\/revisions\/153737"}],"wp:attachment":[{"href":"https:\/\/tietopankki.crnet.fi\/en\/wp-json\/wp\/v2\/media?parent=57486"}],"wp:term":[{"taxonomy":"category","embeddable":true,"href":"https:\/\/tietopankki.crnet.fi\/en\/wp-json\/wp\/v2\/categories?post=57486"},{"taxonomy":"post_tag","embeddable":true,"href":"https:\/\/tietopankki.crnet.fi\/en\/wp-json\/wp\/v2\/tags?post=57486"}],"curies":[{"name":"wp","href":"https:\/\/api.w.org\/{rel}","templated":true}]}}