{"id":57492,"date":"2024-01-03T17:50:42","date_gmt":"2024-01-03T15:50:42","guid":{"rendered":"https:\/\/tietopankki.crnet.fi\/?page_id=57492"},"modified":"2025-07-29T18:14:11","modified_gmt":"2025-07-29T15:14:11","slug":"crnet-tietopankki-esitys","status":"publish","type":"page","link":"https:\/\/tietopankki.crnet.fi\/fi\/crnet-tietopankki-esitys\/","title":{"rendered":"Crnet &#8211; Tietopankki esitys 2025"},"content":{"rendered":"<p>T\u00e4ss\u00e4 PDF-esitys (avaa linkist\u00e4 klikkaamalla)<\/p>\n<p>&nbsp;<\/p>\n<p><a href=\"https:\/\/tietopankki.crnet.fi\/wp-content\/uploads\/2024\/01\/CRnet-Kestavan-kehityksen-tietopankki-ja-uutiskirjeet_2024.pdf\">CRnet Kest\u00e4v\u00e4n kehityksen tietopankki ja uutiskirjeet<\/a><\/p>\n","protected":false},"excerpt":{"rendered":"<p>T\u00e4ss\u00e4 PDF-esitys (avaa linkist\u00e4 klikkaamalla) &nbsp; CRnet Kest\u00e4v\u00e4n kehityksen tietopankki ja uutiskirjeet<\/p>\n","protected":false},"author":1,"featured_media":0,"parent":0,"menu_order":0,"comment_status":"closed","ping_status":"closed","template":"","meta":{"footnotes":""},"categories":[],"tags":[],"class_list":["post-57492","page","type-page","status-publish","hentry"],"jetpack_sharing_enabled":true,"_links":{"self":[{"href":"https:\/\/tietopankki.crnet.fi\/fi\/wp-json\/wp\/v2\/pages\/57492","targetHints":{"allow":["GET"]}}],"collection":[{"href":"https:\/\/tietopankki.crnet.fi\/fi\/wp-json\/wp\/v2\/pages"}],"about":[{"href":"https:\/\/tietopankki.crnet.fi\/fi\/wp-json\/wp\/v2\/types\/page"}],"author":[{"embeddable":true,"href":"https:\/\/tietopankki.crnet.fi\/fi\/wp-json\/wp\/v2\/users\/1"}],"replies":[{"embeddable":true,"href":"https:\/\/tietopankki.crnet.fi\/fi\/wp-json\/wp\/v2\/comments?post=57492"}],"version-history":[{"count":7,"href":"https:\/\/tietopankki.crnet.fi\/fi\/wp-json\/wp\/v2\/pages\/57492\/revisions"}],"predecessor-version":[{"id":153718,"href":"https:\/\/tietopankki.crnet.fi\/fi\/wp-json\/wp\/v2\/pages\/57492\/revisions\/153718"}],"wp:attachment":[{"href":"https:\/\/tietopankki.crnet.fi\/fi\/wp-json\/wp\/v2\/media?parent=57492"}],"wp:term":[{"taxonomy":"category","embeddable":true,"href":"https:\/\/tietopankki.crnet.fi\/fi\/wp-json\/wp\/v2\/categories?post=57492"},{"taxonomy":"post_tag","embeddable":true,"href":"https:\/\/tietopankki.crnet.fi\/fi\/wp-json\/wp\/v2\/tags?post=57492"}],"curies":[{"name":"wp","href":"https:\/\/api.w.org\/{rel}","templated":true}]}}